{"id":12,"date":"2014-10-10T09:37:39","date_gmt":"2014-10-10T09:37:39","guid":{"rendered":"http:\/\/prueba1.presenteyaldia.com\/?page_id=12"},"modified":"2014-10-16T06:44:08","modified_gmt":"2014-10-16T06:44:08","slug":"galeria","status":"publish","type":"page","link":"http:\/\/www.pensionandoain.com\/index.php\/galeria\/","title":{"rendered":"Galer\u00eda"},"content":{"rendered":"Aqu\u00ed puedes conocernos un poco m\u00e1s... no dejes de contactar con nosotros si necesitas cualquier aclaraci\u00f3n.\r\n\u00a1Te esperamos!\r\n\r\n<center>\r\n\t\t\t\t<div id='jmc_galimg_galeria'>\r\n\t\t\t\t\t<img class='jmc_galimg_flechas' id='jmc_galimg_anterior' src='http:\/\/www.pensionandoain.com\/wp-content\/plugins\/juanma-civico-galeria-de-imagenes\/controles\/arrow_left.gif' onclick='jmc_galimg_retroceder_img();' \/>\r\n\t\t\t\t\t<img class='jmc_galimg_size' id='jmc_galimg_actual' src='http:\/\/www.pensionandoain.com\/wp-content\/plugins\/juanma-civico-galeria-de-imagenes\/img\/08122014-193535.JPG' \/>\r\n\t\t\t\t\t<img class='jmc_galimg_flechas' id='jmc_galimg_siguiente' src='http:\/\/www.pensionandoain.com\/wp-content\/plugins\/juanma-civico-galeria-de-imagenes\/controles\/arrow.gif' onclick='jmc_galimg_avanzar_img();' \/>\r\n\t\t\t\t<\/div>\r\n\t\t\t\t<div id='jmc_galimg_thumbs'>\r\n\t\t\t\t\t<img class='jmc_galimg_seleccionada' id='img1' src='http:\/\/www.pensionandoain.com\/wp-content\/plugins\/juanma-civico-galeria-de-imagenes\/img\/08122014-193535.JPG' onclick='jmc_galimg_cambiar_img(this.id);' \/><img id='img2' src='http:\/\/www.pensionandoain.com\/wp-content\/plugins\/juanma-civico-galeria-de-imagenes\/img\/08122014-193545.JPG' onclick='jmc_galimg_cambiar_img(this.id);' \/><img id='img3' src='http:\/\/www.pensionandoain.com\/wp-content\/plugins\/juanma-civico-galeria-de-imagenes\/img\/08122014-193558.JPG' onclick='jmc_galimg_cambiar_img(this.id);' \/><img id='img4' src='http:\/\/www.pensionandoain.com\/wp-content\/plugins\/juanma-civico-galeria-de-imagenes\/img\/08122014-193611.JPG' onclick='jmc_galimg_cambiar_img(this.id);' \/><img id='img5' src='http:\/\/www.pensionandoain.com\/wp-content\/plugins\/juanma-civico-galeria-de-imagenes\/img\/08122014-193738.JPG' onclick='jmc_galimg_cambiar_img(this.id);' \/><img id='img6' src='http:\/\/www.pensionandoain.com\/wp-content\/plugins\/juanma-civico-galeria-de-imagenes\/img\/08122014-193927.JPG' onclick='jmc_galimg_cambiar_img(this.id);' \/><img id='img7' src='http:\/\/www.pensionandoain.com\/wp-content\/plugins\/juanma-civico-galeria-de-imagenes\/img\/08122014-193936.JPG' onclick='jmc_galimg_cambiar_img(this.id);' \/><img id='img8' src='http:\/\/www.pensionandoain.com\/wp-content\/plugins\/juanma-civico-galeria-de-imagenes\/img\/08122014-193945.JPG' onclick='jmc_galimg_cambiar_img(this.id);' \/><img id='img9' src='http:\/\/www.pensionandoain.com\/wp-content\/plugins\/juanma-civico-galeria-de-imagenes\/img\/08122014-193958.JPG' onclick='jmc_galimg_cambiar_img(this.id);' \/><img id='img10' src='http:\/\/www.pensionandoain.com\/wp-content\/plugins\/juanma-civico-galeria-de-imagenes\/img\/08122014-194011.JPG' onclick='jmc_galimg_cambiar_img(this.id);' \/><img id='img11' src='http:\/\/www.pensionandoain.com\/wp-content\/plugins\/juanma-civico-galeria-de-imagenes\/img\/08122014-194023.JPG' onclick='jmc_galimg_cambiar_img(this.id);' \/><img id='img12' src='http:\/\/www.pensionandoain.com\/wp-content\/plugins\/juanma-civico-galeria-de-imagenes\/img\/08122014-194036.JPG' onclick='jmc_galimg_cambiar_img(this.id);' \/><img id='img13' src='http:\/\/www.pensionandoain.com\/wp-content\/plugins\/juanma-civico-galeria-de-imagenes\/img\/08122014-194322.JPG' onclick='jmc_galimg_cambiar_img(this.id);' \/><img id='img14' src='http:\/\/www.pensionandoain.com\/wp-content\/plugins\/juanma-civico-galeria-de-imagenes\/img\/08122014-194335.JPG' onclick='jmc_galimg_cambiar_img(this.id);' \/><img id='img15' src='http:\/\/www.pensionandoain.com\/wp-content\/plugins\/juanma-civico-galeria-de-imagenes\/img\/08122014-194349.JPG' onclick='jmc_galimg_cambiar_img(this.id);' \/><img id='img16' src='http:\/\/www.pensionandoain.com\/wp-content\/plugins\/juanma-civico-galeria-de-imagenes\/img\/08122014-194411.JPG' onclick='jmc_galimg_cambiar_img(this.id);' \/><img id='img17' src='http:\/\/www.pensionandoain.com\/wp-content\/plugins\/juanma-civico-galeria-de-imagenes\/img\/08122014-194424.JPG' onclick='jmc_galimg_cambiar_img(this.id);' \/><img id='img18' src='http:\/\/www.pensionandoain.com\/wp-content\/plugins\/juanma-civico-galeria-de-imagenes\/img\/08122014-194439.JPG' onclick='jmc_galimg_cambiar_img(this.id);' \/><img id='img19' src='http:\/\/www.pensionandoain.com\/wp-content\/plugins\/juanma-civico-galeria-de-imagenes\/img\/08122014-194452.JPG' onclick='jmc_galimg_cambiar_img(this.id);' \/><img id='img20' src='http:\/\/www.pensionandoain.com\/wp-content\/plugins\/juanma-civico-galeria-de-imagenes\/img\/08122014-194526.JPG' onclick='jmc_galimg_cambiar_img(this.id);' \/><img id='img21' src='http:\/\/www.pensionandoain.com\/wp-content\/plugins\/juanma-civico-galeria-de-imagenes\/img\/08122014-194538.JPG' onclick='jmc_galimg_cambiar_img(this.id);' \/><img id='img22' src='http:\/\/www.pensionandoain.com\/wp-content\/plugins\/juanma-civico-galeria-de-imagenes\/img\/08122014-194551.JPG' onclick='jmc_galimg_cambiar_img(this.id);' \/><img id='img23' src='http:\/\/www.pensionandoain.com\/wp-content\/plugins\/juanma-civico-galeria-de-imagenes\/img\/08122014-194608.JPG' onclick='jmc_galimg_cambiar_img(this.id);' \/><img id='img24' src='http:\/\/www.pensionandoain.com\/wp-content\/plugins\/juanma-civico-galeria-de-imagenes\/img\/08122014-194618.JPG' onclick='jmc_galimg_cambiar_img(this.id);' \/><\/div><\/center><script> setInterval('jmc_galimg_avanzar_img()', 5000); <\/script> ","protected":false},"excerpt":{"rendered":"<p>Aqu\u00ed puedes conocernos un poco m\u00e1s&#8230; no dejes de contactar con nosotros si necesitas cualquier aclaraci\u00f3n. \u00a1Te esperamos!<\/p>\n<p> <a class=\"continue-reading-link\" href=\"http:\/\/www.pensionandoain.com\/index.php\/galeria\/\"><span>Continue reading<\/span><i class=\"crycon-right-dir\"><\/i><\/a> <\/p>\n","protected":false},"author":1,"featured_media":0,"parent":0,"menu_order":0,"comment_status":"closed","ping_status":"closed","template":"templates\/template-twocolumns-right.php","meta":{"_et_pb_use_builder":"","_et_pb_old_content":""},"aioseo_notices":[],"_links":{"self":[{"href":"http:\/\/www.pensionandoain.com\/index.php\/wp-json\/wp\/v2\/pages\/12"}],"collection":[{"href":"http:\/\/www.pensionandoain.com\/index.php\/wp-json\/wp\/v2\/pages"}],"about":[{"href":"http:\/\/www.pensionandoain.com\/index.php\/wp-json\/wp\/v2\/types\/page"}],"author":[{"embeddable":true,"href":"http:\/\/www.pensionandoain.com\/index.php\/wp-json\/wp\/v2\/users\/1"}],"replies":[{"embeddable":true,"href":"http:\/\/www.pensionandoain.com\/index.php\/wp-json\/wp\/v2\/comments?post=12"}],"version-history":[{"count":4,"href":"http:\/\/www.pensionandoain.com\/index.php\/wp-json\/wp\/v2\/pages\/12\/revisions"}],"predecessor-version":[{"id":106,"href":"http:\/\/www.pensionandoain.com\/index.php\/wp-json\/wp\/v2\/pages\/12\/revisions\/106"}],"wp:attachment":[{"href":"http:\/\/www.pensionandoain.com\/index.php\/wp-json\/wp\/v2\/media?parent=12"}],"curies":[{"name":"wp","href":"https:\/\/api.w.org\/{rel}","templated":true}]}}