{"id":199,"date":"2014-10-30T11:01:59","date_gmt":"2014-10-30T11:01:59","guid":{"rendered":"http:\/\/www.pensionandoain.com\/?page_id=199"},"modified":"2017-08-01T09:33:20","modified_gmt":"2017-08-01T09:33:20","slug":"aviso-legal","status":"publish","type":"page","link":"http:\/\/www.pensionandoain.com\/index.php\/aviso-legal\/","title":{"rendered":"AVISO LEGAL"},"content":{"rendered":"<p style=\"text-align: justify;\">La utilizaci\u00f3n de este WEB le atribuye a usted la condici\u00f3n de usuario e implica su aceptaci\u00f3n plena y sin reservas a todas y cada una de las disposiciones incluidas en este Aviso Legal, por lo que si usted no est\u00e1 de acuerdo con cualquiera de las condiciones aqu\u00ed establecidas, no deber\u00e1 usar\/acceder a esta WEB.<\/p>\r\n<p style=\"text-align: justify;\"><strong>CONDICIONES DE UTILIZACI\u00d3N DEL WEB<\/strong><\/p>\r\n<p style=\"text-align: justify;\">\u00a0\u00a0\u00a0\u00a0\u00a0\u00a0\u00a0\u00a0\u00a0\u00a0\u00a0\u00a0\u00a0\u00a0\u00a0 Los visitantes de este WEB tienen la consideraci\u00f3n de usuarios del mismo, quienes encontrar\u00e1n en \u00e9l informaci\u00f3n relacionada con el tipo de actividad, productos y servicios que realizamos.<\/p>\r\n<p style=\"text-align: justify;\">\u00a0\u00a0\u00a0\u00a0\u00a0\u00a0\u00a0\u00a0\u00a0\u00a0\u00a0\u00a0\u00a0\u00a0\u00a0 La informaci\u00f3n y los materiales incluidos en el WEB han sido obtenidos de fuentes consideradas como fiables. Sin embargo, a pesar de haber tomado precauciones y medias razonables para asegurar la fiabilidad de la informaci\u00f3n, no se garantiza que \u00e9sta sea exacta, completa, y\/o actualizada.<\/p>\r\n<p style=\"text-align: justify;\">\u00a0\u00a0\u00a0\u00a0\u00a0\u00a0\u00a0\u00a0\u00a0\u00a0\u00a0\u00a0\u00a0\u00a0\u00a0 Consecuentemente, declinamos cualquier responsabilidad por la omisi\u00f3n de informaci\u00f3n o por la publicaci\u00f3n de informaci\u00f3n err\u00f3nea aparecida en este WEB.<\/p>\r\n<p style=\"text-align: justify;\">\u00a0\u00a0\u00a0\u00a0\u00a0\u00a0\u00a0\u00a0\u00a0\u00a0\u00a0\u00a0\u00a0\u00a0\u00a0 Como prestadores de servicios de la sociedad de la informaci\u00f3n, nos reservamos el derecho a actualizar, modificar o eliminar la informaci\u00f3n contenida en este WEB, pudiendo incluso limitar o no permitir el acceso a dicha informaci\u00f3n, sin previo aviso. Especialmente, queda reservado el derecho a eliminar, limitar o impedir el acceso al WEB cuando surjan dificultades t\u00e9cnicas por hechos o circunstancias ajenos a nosotros que, a nuestro criterio, disminuyan o anulen los niveles de seguridad est\u00e1ndar adoptados para el adecuado funcionamiento de este WEB.<\/p>\r\n<p style=\"text-align: justify;\">\u00a0\u00a0\u00a0\u00a0\u00a0\u00a0\u00a0\u00a0\u00a0\u00a0\u00a0\u00a0\u00a0\u00a0\u00a0 Como prestadores, podr\u00edamos en cualquier momento establecer procedimientos t\u00e9cnicos legales para obtener informaci\u00f3n an\u00f3nima acerca de sus visitantes, lo que significar\u00eda, en cualquier caso, que dicha informaci\u00f3n no podr\u00eda ser asociada en modo alguno a un usuario concreto e identificado. Este tipo de procedimientos conservan datos como el nombre de dominio del proveedor que da acceso a la red al usuario, la fecha y hora de acceso a nuestro WEB, la direcci\u00f3n de Internet desde la que parti\u00f3 el link o enlace que dirige a nuestro WEB, el n\u00famero de visitantes diarios de cada secci\u00f3n, y datos de naturaleza an\u00e1loga. El fin de los datos e informaci\u00f3n recogida es estad\u00edstico, de tal forma que nos permita adquirir un mayor conocimiento sobrela actividad de los visitantes del WEB, en aras de mejorar el mismo y\/oaumentar su presencia online.<\/p>\r\n<p style=\"text-align: justify;\">\u00a0\u00a0\u00a0\u00a0\u00a0\u00a0\u00a0\u00a0\u00a0\u00a0\u00a0\u00a0\u00a0\u00a0\u00a0 Los usuarios, en cualquier momento, podr\u00edan desactivar los procedimientos de obtenci\u00f3n de informaci\u00f3n aludidos en el punto expositivo anterior mediante la modificaci\u00f3n de los par\u00e1metros de configuraci\u00f3n de su navegador. No obstante lo anterior, la desactivaci\u00f3n a la que se alude aqu\u00ed no afecta o interfiere en la navegabilidad de los usuarios en nuestro WEB.<\/p>\r\n<p style=\"text-align: justify;\">\u00a0\u00a0\u00a0\u00a0\u00a0\u00a0\u00a0\u00a0\u00a0\u00a0\u00a0\u00a0\u00a0\u00a0\u00a0 El usuario nos autoriza expresa e inequ\u00edvocamente a obtener y tratar la informaci\u00f3n que se genere como consecuencia de la utilizaci\u00f3n de este WEB, con la \u00fanica finalidad de ofrecerle una navegaci\u00f3n m\u00e1s personalizada y eficiente.<\/p>\r\n<p style=\"text-align: justify;\"><strong>RESPONSABILIDADES<\/strong><\/p>\r\n<p style=\"text-align: justify;\">\u00a0\u00a0\u00a0\u00a0\u00a0\u00a0\u00a0\u00a0\u00a0\u00a0\u00a0\u00a0\u00a0\u00a0\u00a0 Como prestadores, declinamos cualquier responsabilidad respecto a la informaci\u00f3n exhibida en este WEB, procedente de fuentes ajenas a nosotros as\u00ed como de los contenidos que no hayamos elaborado.<\/p>\r\n<p style=\"text-align: justify;\">\u00a0\u00a0\u00a0\u00a0\u00a0\u00a0\u00a0\u00a0\u00a0\u00a0\u00a0\u00a0\u00a0\u00a0\u00a0 Asimismo, tampoco seremos responsables de los da\u00f1os que pudieran sufrir los usuarios por un uso inadecuado de este WEB y, en modo alguno, de las ca\u00eddas, interrupciones, ausencia o defecto en las telecomunicaciones.<\/p>\r\n<p style=\"text-align: justify;\"><strong>POL\u00cdTICA DE PROTECCI\u00d3N DE DATOS PERSONALES<\/strong><\/p>\r\n<p style=\"text-align: justify;\">\u00a0\u00a0\u00a0\u00a0\u00a0\u00a0\u00a0\u00a0\u00a0\u00a0\u00a0\u00a0\u00a0\u00a0\u00a0 Como prestadores, garantizamos la protecci\u00f3n de los datos de nuestros clientes y usuarios. Este WEB no reconoce de modo autom\u00e1tico ning\u00fan dato referente a la identidad de los visitantes de sus p\u00e1ginas. No obstante lo anterior, en los servicios online ofrecidos, con el objeto de poder atender sus peticiones de informaci\u00f3n y reservas, si facilitamos formularios de contacto que deber\u00e1n de ser cumplimentados incluyendo siempre un tel\u00e9fono y e-mail para posibilitar el que podamos atender su solicitud e informarle\u00a0 respecto a su colicitud. Dichos formularios se cumplimentar\u00e1n voluntariamente por parte del usuario de la WEB siendo tratados por nuestra parte \u00fanicamente para la gesti\u00f3n de su petici\u00f3n y ser\u00e1n mantenidos en la m\u00e1s absoluta confidencialidad no siendo facilitados a terceros y nunca ser\u00e1n utilizados para enviarles publicidad o informaci\u00f3n no solicitada por ustedes.<\/p>\r\n<p style=\"text-align: justify;\">\u00a0\u00a0\u00a0\u00a0\u00a0\u00a0\u00a0\u00a0\u00a0\u00a0\u00a0\u00a0\u00a0\u00a0\u00a0 Como prestadores de servicios de la sociedad de la informaci\u00f3n y responsables de los ficheros de datos personales, informamos a los usuariosde este WEB que todos los datos de car\u00e1cter personal ser\u00e1n tratados con absoluta confidencialidad, siendo utilizados para las finalidades que han sido solicitados, en el marco de la Ley Org\u00e1nica 15\/1999, de 13 de diciembre, de protecci\u00f3n de datos de car\u00e1cter personal (LOPD), la Ley 34\/2002, de 11 de julio, de servicios de la sociedad de la informaci\u00f3n y de comercio electr\u00f3nico (LSSI-CE) y dem\u00e1s normas jur\u00eddicas aplicables.<\/p>\r\n<p style=\"text-align: justify;\">\u00a0\u00a0\u00a0\u00a0\u00a0\u00a0\u00a0\u00a0\u00a0\u00a0\u00a0\u00a0\u00a0\u00a0\u00a0 Como responsables de los ficheros de datos personales, somos quienes asumimos la responsabilidad en la adopci\u00f3n de medidas de seguridad de \u00edndole t\u00e9cnica y organizativa para proteger la confidencialidad e integridad de la informaci\u00f3n, de acuerdo con lo establecido en la LOPD, la LSSI-CE, y dem\u00e1s legislaci\u00f3n aplicable.<\/p>\r\n<p style=\"text-align: justify;\">\u00a0\u00a0\u00a0\u00a0\u00a0\u00a0\u00a0\u00a0\u00a0\u00a0\u00a0\u00a0\u00a0\u00a0\u00a0 El usuario responder\u00e1, en cualquier caso, de la veracidad de los datos facilitados, por lo que nos reservamos el derecho a excluir de los servicios registrados a todo usuario que haya facilitado datos falsos, sin perjuicio de las dem\u00e1s acciones que procedan conforme a Derecho.<\/p>\r\n<p style=\"text-align: justify;\">\u00a0\u00a0\u00a0\u00a0\u00a0\u00a0\u00a0\u00a0\u00a0\u00a0\u00a0\u00a0\u00a0\u00a0\u00a0 Cualquier usuario registrado puede ejercitar sus derechos de acceso, rectificaci\u00f3n, oposici\u00f3n y cancelaci\u00f3n de sus datos de car\u00e1cter personal, respecto de sus datos personales en los t\u00e9rminos previstos en la Ley, proporcionados a trav\u00e9s de este WEB, mediante comunicaci\u00f3n escrita, acompa\u00f1ada de una copia del Documento de Identidad, dirigida a la entidad, como responsable del fichero que recoge los datos de car\u00e1cter personal, cuyo domicilio se indica al final de este aviso legal.<\/p>\r\n<p style=\"text-align: justify;\"><strong>PROPIEDAD INDUSTRIAL E INTELECTUAL<\/strong><\/p>\r\n<p style=\"text-align: justify;\">\u00a0\u00a0\u00a0\u00a0\u00a0\u00a0\u00a0\u00a0\u00a0\u00a0\u00a0\u00a0\u00a0\u00a0\u00a0 La totalidad de este WEB (textos, im\u00e1genes, marcas, logotipos, archivos de audio, archivos de software, combinaciones de colores, etc.), as\u00ed como la estructura de sus contenidos, se encuentran protegidos por la normativa de Propiedad Intelectual e Industrial, no pudiendo ser objeto de explotaci\u00f3n, reproducci\u00f3n, distribuci\u00f3n, modificaci\u00f3n, comunicaci\u00f3n p\u00fablica, cesi\u00f3n o transformaci\u00f3n o cualquier otra forma de difusi\u00f3n no autorizada expresamente por nosotros, como prestadores y titulares del los derechos intelectuales. Por tanto, el acceso a este WEB no otorga a los usuarios ning\u00fan derecho ni titularidad alguna sobre los derechos de propiedad intelectual y\/o industrial de los contenidos de este WEB.<\/p>\r\n<p style=\"text-align: justify;\"><strong>DATOS DE IDENTIFICACI\u00d3N REGISTRAL<\/strong><\/p>\r\n<p style=\"text-align: justify;\">Los datos registrales del titular de este WEB son los siguientes:<\/p>\r\n<p style=\"text-align: justify;\"><strong>PENSION ANDOAIN<\/strong><\/p>\r\n<p style=\"text-align: justify;\">Nombre o raz\u00f3n social:\u00a0\u00a0 JUAN ANGEL\u00a0 DE COS\u00a0 TERREROS<\/p>\r\n<p style=\"text-align: justify;\">C\u00f3digo de Identificaci\u00f3n Fiscal (N.I.F.):\u00a0 14604737-J<\/p>\r\n<p style=\"text-align: justify;\">C\u00f3digo Turismo Cobierno Vasco:\u00a0 H550769<\/p>\r\n<p style=\"text-align: justify;\">Registro Mercantil de Sevilla; Tomo 197; Libro 0; Folio 167; Secci\u00f3n 0; Hoja 5661.<\/p>\r\n<p style=\"text-align: justify;\">El domicilio del titular de este WEB, a los efectos de comunicaciones y ejercicio de derechos, es el siguiente:<\/p>\r\n<p style=\"text-align: justify;\">Calle ARANTZIBIA, N\u00ba 1 BAJO<\/p>\r\n<p style=\"text-align: justify;\">20140\u00a0 ANDOAIN<\/p>\r\n<p style=\"text-align: justify;\">Tel\u00e9fono: 943115811 \/ 680126080<\/p>\r\n<p style=\"text-align: justify;\">Email: info@pensionandoain.com<\/p>","protected":false},"excerpt":{"rendered":"<p>La utilizaci\u00f3n de este WEB le atribuye a usted la condici\u00f3n de usuario e implica su aceptaci\u00f3n plena y sin reservas a todas y cada una de las disposiciones incluidas en este Aviso Legal, por lo que si usted no est\u00e1 de acuerdo con cualquiera de las condiciones aqu\u00ed establecidas, no deber\u00e1 usar\/acceder a esta WEB. CONDICIONES DE UTILIZACI\u00d3N DEL WEB \u00a0\u00a0\u00a0\u00a0\u00a0\u00a0\u00a0\u00a0\u00a0\u00a0\u00a0\u00a0\u00a0\u00a0\u00a0 Los visitantes de este WEB tienen la consideraci\u00f3n de usuarios del mismo, quienes encontrar\u00e1n en \u00e9l informaci\u00f3n relacionada\u2026<\/p>\n<p> <a class=\"continue-reading-link\" href=\"http:\/\/www.pensionandoain.com\/index.php\/aviso-legal\/\"><span>Continue reading<\/span><i class=\"crycon-right-dir\"><\/i><\/a> <\/p>\n","protected":false},"author":1,"featured_media":0,"parent":0,"menu_order":0,"comment_status":"open","ping_status":"open","template":"templates\/template-onecolumn.php","meta":{"_et_pb_use_builder":"","_et_pb_old_content":""},"aioseo_notices":[],"_links":{"self":[{"href":"http:\/\/www.pensionandoain.com\/index.php\/wp-json\/wp\/v2\/pages\/199"}],"collection":[{"href":"http:\/\/www.pensionandoain.com\/index.php\/wp-json\/wp\/v2\/pages"}],"about":[{"href":"http:\/\/www.pensionandoain.com\/index.php\/wp-json\/wp\/v2\/types\/page"}],"author":[{"embeddable":true,"href":"http:\/\/www.pensionandoain.com\/index.php\/wp-json\/wp\/v2\/users\/1"}],"replies":[{"embeddable":true,"href":"http:\/\/www.pensionandoain.com\/index.php\/wp-json\/wp\/v2\/comments?post=199"}],"version-history":[{"count":5,"href":"http:\/\/www.pensionandoain.com\/index.php\/wp-json\/wp\/v2\/pages\/199\/revisions"}],"predecessor-version":[{"id":330,"href":"http:\/\/www.pensionandoain.com\/index.php\/wp-json\/wp\/v2\/pages\/199\/revisions\/330"}],"wp:attachment":[{"href":"http:\/\/www.pensionandoain.com\/index.php\/wp-json\/wp\/v2\/media?parent=199"}],"curies":[{"name":"wp","href":"https:\/\/api.w.org\/{rel}","templated":true}]}}